{"id":821,"date":"2025-02-04T19:30:13","date_gmt":"2025-02-04T18:30:13","guid":{"rendered":"https:\/\/b2roots.de\/?page_id=821"},"modified":"2025-02-04T19:33:02","modified_gmt":"2025-02-04T18:33:02","slug":"datenschutzerklaerung","status":"publish","type":"page","link":"https:\/\/b2roots.de\/en\/datenschutzerklaerung\/","title":{"rendered":"Privacy policy"},"content":{"rendered":"<div data-elementor-type=\"wp-page\" data-elementor-id=\"821\" class=\"elementor elementor-821\" data-elementor-post-type=\"page\">\n\t\t\t\t<div class=\"elementor-element elementor-element-393a6ca e-flex e-con-boxed e-con e-parent\" data-id=\"393a6ca\" data-element_type=\"container\" data-settings=\"{&quot;background_background&quot;:&quot;classic&quot;,&quot;shape_divider_bottom&quot;:&quot;waves&quot;}\">\n\t\t\t\t\t<div class=\"e-con-inner\">\n\t\t\t\t<div class=\"elementor-shape elementor-shape-bottom\" data-negative=\"false\">\n\t\t\t<svg xmlns=\"http:\/\/www.w3.org\/2000\/svg\" viewbox=\"0 0 1000 100\" preserveaspectratio=\"none\">\n\t<path class=\"elementor-shape-fill\" d=\"M421.9,6.5c22.6-2.5,51.5,0.4,75.5,5.3c23.6,4.9,70.9,23.5,100.5,35.7c75.8,32.2,133.7,44.5,192.6,49.7\tc23.6,2.1,48.7,3.5,103.4-2.5c54.7-6,106.2-25.6,106.2-25.6V0H0v30.3c0,0,72,32.6,158.4,30.5c39.2-0.7,92.8-6.7,134-22.4\tc21.2-8.1,52.2-18.2,79.7-24.2C399.3,7.9,411.6,7.5,421.9,6.5z\"\/>\n<\/svg>\t\t<\/div>\n\t\t<div class=\"elementor-element elementor-element-0280f1e e-con-full e-flex e-con e-child\" data-id=\"0280f1e\" data-element_type=\"container\">\n\t\t<div class=\"elementor-element elementor-element-993942b e-con-full e-flex e-con e-child\" data-id=\"993942b\" data-element_type=\"container\">\n\t\t\t\t<div class=\"elementor-element elementor-element-4260967 animated-fast elementor-invisible elementor-widget elementor-widget-heading\" data-id=\"4260967\" data-element_type=\"widget\" data-settings=\"{&quot;_animation&quot;:&quot;fadeInUp&quot;}\" data-widget_type=\"heading.default\">\n\t\t\t\t<div class=\"elementor-widget-container\">\n\t\t\t\t\t<h2 class=\"elementor-heading-title elementor-size-default\">Privacy policy<\/h2>\t\t\t\t<\/div>\n\t\t\t\t<\/div>\n\t\t\t\t<div class=\"elementor-element elementor-element-87885bd elementor-invisible elementor-widget elementor-widget-text-editor\" data-id=\"87885bd\" data-element_type=\"widget\" data-settings=\"{&quot;_animation&quot;:&quot;fadeIn&quot;,&quot;_animation_delay&quot;:50}\" data-widget_type=\"text-editor.default\">\n\t\t\t\t<div class=\"elementor-widget-container\">\n\t\t\t\t\t\t\t\t\t<div class=\"message__5126c cozyMessage__5126c wrapper_c19a55 cozy_c19a55 zalgo_c19a55\" tabindex=\"-1\" role=\"article\" data-list-item-id=\"chat-messages___chat-messages-1257653671349714966-1326621026905362512\" aria-setsize=\"-1\" aria-roledescription=\"Nachricht\" aria-labelledby=\"message-username-1326620887604269137 uid_1 message-content-1326621026905362512 uid_2 message-timestamp-1326621026905362512\"><div class=\"contents_c19a55\"><p><strong>1. Verantwortlicher<\/strong><\/p><p>Verantwortlich f\u00fcr die Datenverarbeitung auf dieser Website ist:<\/p><p>Back2Roots &#8211; Daniel Baum<br \/>c\/o COCENTER<br \/>Koppoldstr. 1<br \/>86551 Aichach<br \/>Deutschland<br \/>E-Mail: <a rel=\"noopener\">zeo@b2roots.de<\/a><br \/>Telefon: 0160 960 93 922<\/p><p><strong>2. Erhebung und Speicherung personenbezogener Daten sowie Art und Zweck von deren Verwendung<\/strong><\/p><p><strong>a) Beim Besuch der Website<\/strong><\/p><p>Beim Aufrufen unserer Website werden durch den auf Ihrem Endger\u00e4t zum Einsatz kommenden Browser automatisch Informationen an den Server unserer Website gesendet. Diese Informationen werden tempor\u00e4r in einem sogenannten Logfile gespeichert. Folgende Informationen werden dabei ohne Ihr Zutun erfasst und bis zur automatisierten L\u00f6schung gespeichert:<\/p><ul><li>IP-Adresse des anfragenden Rechners,<\/li><li>Datum und Uhrzeit des Zugriffs,<\/li><li>Name und URL der abgerufenen Datei,<\/li><li>Website, von der aus der Zugriff erfolgt (Referrer-URL),<\/li><li>verwendeter Browser und ggf. das Betriebssystem Ihres Rechners sowie der Name Ihres Access-Providers.<\/li><\/ul><p>Die genannten Daten werden durch uns zu folgenden Zwecken verarbeitet:<\/p><ul><li>Gew\u00e4hrleistung eines reibungslosen Verbindungsaufbaus der Website,<\/li><li>Gew\u00e4hrleistung einer komfortablen Nutzung unserer Website,<\/li><li>Auswertung der Systemsicherheit und -stabilit\u00e4t sowie<\/li><li>zu weiteren administrativen Zwecken.<\/li><\/ul><p>Die Rechtsgrundlage f\u00fcr die Datenverarbeitung ist Art. 6 Abs. 1 S. 1 lit. f DSGVO. Unser berechtigtes Interesse folgt aus oben aufgelisteten Zwecken zur Datenerhebung. In keinem Fall verwenden wir die erhobenen Daten zu dem Zweck, R\u00fcckschl\u00fcsse auf Ihre Person zu ziehen.<\/p><p><strong>b) Bei Nutzung unseres Kontaktformulars<\/strong><\/p><p>Bei Fragen jeglicher Art bieten wir Ihnen die M\u00f6glichkeit, mit uns \u00fcber ein auf der Website bereitgestelltes Formular Kontakt aufzunehmen. Dabei ist die Angabe einer g\u00fcltigen E-Mail-Adresse erforderlich, damit wir wissen, von wem die Anfrage stammt und um diese beantworten zu k\u00f6nnen. Weitere Angaben k\u00f6nnen freiwillig get\u00e4tigt werden.<\/p><p>Die Datenverarbeitung zum Zwecke der Kontaktaufnahme mit uns erfolgt nach Art. 6 Abs. 1 S. 1 lit. a DSGVO auf Grundlage Ihrer freiwillig erteilten Einwilligung.<\/p><p>Die f\u00fcr die Benutzung des Kontaktformulars von uns erhobenen personenbezogenen Daten werden nach Erledigung der von Ihnen gestellten Anfrage automatisch gel\u00f6scht.<\/p><p><strong>3. Weitergabe von Daten<\/strong><\/p><p>Eine \u00dcbermittlung Ihrer pers\u00f6nlichen Daten an Dritte zu anderen als den im Folgenden aufgef\u00fchrten Zwecken findet nicht statt.<\/p><p>Wir geben Ihre pers\u00f6nlichen Daten nur an Dritte weiter, wenn:<\/p><ul><li>Sie Ihre nach Art. 6 Abs. 1 S. 1 lit. a DSGVO ausdr\u00fcckliche Einwilligung dazu erteilt haben,<\/li><li>die Weitergabe nach Art. 6 Abs. 1 S. 1 lit. f DSGVO zur Geltendmachung, Aus\u00fcbung oder Verteidigung von Rechtsanspr\u00fcchen erforderlich ist und kein Grund zur Annahme besteht, dass Sie ein \u00fcberwiegendes schutzw\u00fcrdiges Interesse an der Nichtweitergabe Ihrer Daten haben,<\/li><li>f\u00fcr den Fall, dass f\u00fcr die Weitergabe nach Art. 6 Abs. 1 S. 1 lit. c DSGVO eine gesetzliche Verpflichtung besteht, sowie<\/li><li>dies gesetzlich zul\u00e4ssig und nach Art. 6 Abs. 1 S. 1 lit. b DSGVO f\u00fcr die Abwicklung von Vertragsverh\u00e4ltnissen mit Ihnen erforderlich ist.<\/li><\/ul><p><strong>4. Cookies<\/strong><\/p><p>Wir setzen auf unserer Seite Cookies ein. Hierbei handelt es sich um kleine Dateien, die Ihr Browser automatisch erstellt und die auf Ihrem Endger\u00e4t (Laptop, Tablet, Smartphone o.\u00e4.) gespeichert werden, wenn Sie unsere Seite besuchen. Cookies richten auf Ihrem Endger\u00e4t keinen Schaden an, enthalten keine Viren, Trojaner oder sonstige Schadsoftware.<\/p><p>In dem Cookie werden Informationen abgelegt, die sich jeweils im Zusammenhang mit dem spezifisch eingesetzten Endger\u00e4t ergeben. Dies bedeutet jedoch nicht, dass wir dadurch unmittelbar Kenntnis von Ihrer Identit\u00e4t erhalten.<\/p><p>Der Einsatz von Cookies dient einerseits dazu, die Nutzung unseres Angebots f\u00fcr Sie angenehmer zu gestalten. So setzen wir sogenannte Session-Cookies ein, um zu erkennen, dass Sie einzelne Seiten unserer Website bereits besucht haben. Diese werden nach Verlassen unserer Seite automatisch gel\u00f6scht.<\/p><p>Dar\u00fcber hinaus setzen wir ebenfalls zur Optimierung der Benutzerfreundlichkeit tempor\u00e4re Cookies ein, die f\u00fcr einen bestimmten festgelegten Zeitraum auf Ihrem Endger\u00e4t gespeichert werden. Besuchen Sie unsere Seite erneut, um unsere Dienste in Anspruch zu nehmen, wird automatisch erkannt, dass Sie bereits bei uns waren und welche Eingaben und Einstellungen Sie get\u00e4tigt haben, um diese nicht noch einmal eingeben zu m\u00fcssen.<\/p><p>Zum anderen setzten wir Cookies ein, um die Nutzung unserer Website statistisch zu erfassen und zum Zwecke der Optimierung unseres Angebotes f\u00fcr Sie auszuwerten (siehe Ziff. 5). Diese Cookies erm\u00f6glichen es uns, bei einem erneuten Besuch unserer Seite automatisch zu erkennen, dass Sie bereits bei uns waren. Diese Cookies werden nach einer jeweils definierten Zeit automatisch gel\u00f6scht.<\/p><p>Die durch Cookies verarbeiteten Daten sind f\u00fcr die genannten Zwecke zur Wahrung unserer berechtigten Interessen sowie der Interessen Dritter nach Art. 6 Abs. 1 S. 1 lit. f DSGVO erforderlich.<\/p><p>Die meisten Browser akzeptieren Cookies automatisch. Sie k\u00f6nnen Ihren Browser jedoch so konfigurieren, dass keine Cookies auf Ihrem Computer gespeichert werden oder stets ein Hinweis erscheint, bevor ein neuer Cookie angelegt wird. Die vollst\u00e4ndige Deaktivierung von Cookies kann jedoch dazu f\u00fchren, dass Sie nicht alle Funktionen unserer Website nutzen k\u00f6nnen.<\/p><h3><strong>5. Betroffenenrechte<\/strong><\/h3><p>Sie haben das Recht:<\/p><ul><li>gem\u00e4\u00df Art. 15 DSGVO Auskunft \u00fcber Ihre von uns verarbeiteten personenbezogenen Daten zu verlangen;<\/li><li>gem\u00e4\u00df Art. 16 DSGVO unverz\u00fcglich die Berichtigung unrichtiger oder Vervollst\u00e4ndigung Ihrer bei uns gespeicherten personenbezogenen Daten zu verlangen;<\/li><li>gem\u00e4\u00df Art. 17 DSGVO die L\u00f6schung Ihrer bei uns gespeicherten personenbezogenen Daten zu verlangen, soweit nicht die Verarbeitung zur Erf\u00fcllung einer rechtlichen Verpflichtung erforderlich ist;<\/li><li>gem\u00e4\u00df Art. 18 DSGVO die Einschr\u00e4nkung der Verarbeitung Ihrer personenbezogenen Daten zu verlangen;<\/li><li>gem\u00e4\u00df Art. 20 DSGVO Ihre personenbezogenen Daten in einem strukturierten, g\u00e4ngigen und maschinenlesbaren Format zu erhalten oder die \u00dcbermittlung an einen anderen Verantwortlichen zu verlangen;<\/li><li>gem\u00e4\u00df Art. 7 Abs. 3 DSGVO Ihre einmal erteilte Einwilligung jederzeit gegen\u00fcber uns zu widerrufen;<\/li><li>gem\u00e4\u00df Art. 77 DSGVO sich bei einer Aufsichtsbeh\u00f6rde zu beschweren.<\/li><\/ul><h3><strong>6. Widerspruchsrecht<\/strong><\/h3><p>Sofern Ihre personenbezogenen Daten auf Grundlage von berechtigten Interessen gem\u00e4\u00df Art. 6 Abs. 1 S. 1 lit. f DSGVO verarbeitet werden, haben Sie das Recht, gem\u00e4\u00df Art. 21 DSGVO Widerspruch gegen die Verarbeitung Ihrer personenbezogenen Daten einzulegen.<\/p><p>M\u00f6chten Sie von Ihrem Widerspruchsrecht Gebrauch machen, gen\u00fcgt eine E-Mail an: <strong><a rel=\"noopener\">zeo@b2roots.de<\/a><\/strong><\/p><h3><strong>7. Datensicherheit<\/strong><\/h3><p>Wir verwenden innerhalb des Website-Besuchs das verbreitete <strong>SSL-Verfahren<\/strong> (Secure Socket Layer) in Verbindung mit der jeweils h\u00f6chsten Verschl\u00fcsselungsstufe, die von Ihrem Browser unterst\u00fctzt wird.<\/p><h3><strong>8. Aktualit\u00e4t und \u00c4nderung dieser Datenschutzerkl\u00e4rung<\/strong><\/h3><p>Diese Datenschutzerkl\u00e4rung ist aktuell g\u00fcltig und hat den Stand <strong>Februar 2025<\/strong>.<\/p><p>Durch die Weiterentwicklung unserer Website oder aufgrund ge\u00e4nderter gesetzlicher bzw. beh\u00f6rdlicher Vorgaben kann es notwendig werden, diese Datenschutzerkl\u00e4rung zu \u00e4ndern. Die jeweils aktuelle Datenschutzerkl\u00e4rung kann jederzeit auf der Website unter <strong>b2roots.de\/datenschutzerkl\u00e4rung <\/strong>eingesehen werden.<strong><br \/><\/strong><\/p><\/div><\/div>\t\t\t\t\t\t\t\t<\/div>\n\t\t\t\t<\/div>\n\t\t\t\t<div class=\"elementor-element elementor-element-d20507e elementor-widget elementor-widget-spacer\" data-id=\"d20507e\" data-element_type=\"widget\" data-widget_type=\"spacer.default\">\n\t\t\t\t<div class=\"elementor-widget-container\">\n\t\t\t\t\t\t\t<div class=\"elementor-spacer\">\n\t\t\t<div class=\"elementor-spacer-inner\"><\/div>\n\t\t<\/div>\n\t\t\t\t\t\t<\/div>\n\t\t\t\t<\/div>\n\t\t\t\t<\/div>\n\t\t\t\t<\/div>\n\t\t\t\t\t<\/div>\n\t\t\t\t<\/div>\n\t\t\t\t<\/div>","protected":false},"excerpt":{"rendered":"<p>Datenschutzerkl\u00e4rung 1. Verantwortlicher Verantwortlich f\u00fcr die Datenverarbeitung auf dieser Website ist: Back2Roots &#8211; Daniel Baumc\/o COCENTERKoppoldstr. 186551 AichachDeutschlandE-Mail: zeo@b2roots.deTelefon: 0160 960 93 922 2. Erhebung und Speicherung personenbezogener Daten sowie Art und Zweck von deren Verwendung a) Beim Besuch der Website Beim Aufrufen unserer Website werden durch den auf Ihrem Endger\u00e4t zum Einsatz kommenden Browser [&hellip;]<\/p>","protected":false},"author":1,"featured_media":0,"parent":0,"menu_order":0,"comment_status":"closed","ping_status":"closed","template":"elementor_header_footer","meta":{"footnotes":""},"class_list":["post-821","page","type-page","status-publish","hentry"],"yoast_head":"<!-- This site is optimized with the Yoast SEO plugin v24.4 - https:\/\/yoast.com\/wordpress\/plugins\/seo\/ -->\n<title>Datenschutzerkl\u00e4rung - Back2Roots<\/title>\n<meta name=\"robots\" content=\"index, follow, max-snippet:-1, max-image-preview:large, max-video-preview:-1\" \/>\n<link rel=\"canonical\" href=\"https:\/\/b2roots.de\/en\/datenschutzerklaerung\/\" \/>\n<meta property=\"og:locale\" content=\"en_US\" \/>\n<meta property=\"og:type\" content=\"article\" \/>\n<meta property=\"og:title\" content=\"Datenschutzerkl\u00e4rung - Back2Roots\" \/>\n<meta property=\"og:description\" content=\"Datenschutzerkl\u00e4rung 1. Verantwortlicher Verantwortlich f\u00fcr die Datenverarbeitung auf dieser Website ist: Back2Roots &#8211; Daniel Baumc\/o COCENTERKoppoldstr. 186551 AichachDeutschlandE-Mail: zeo@b2roots.deTelefon: 0160 960 93 922 2. Erhebung und Speicherung personenbezogener Daten sowie Art und Zweck von deren Verwendung a) Beim Besuch der Website Beim Aufrufen unserer Website werden durch den auf Ihrem Endger\u00e4t zum Einsatz kommenden Browser [&hellip;]\" \/>\n<meta property=\"og:url\" content=\"https:\/\/b2roots.de\/en\/datenschutzerklaerung\/\" \/>\n<meta property=\"og:site_name\" content=\"Back2Roots\" \/>\n<meta property=\"article:modified_time\" content=\"2025-02-04T18:33:02+00:00\" \/>\n<meta name=\"twitter:card\" content=\"summary_large_image\" \/>\n<meta name=\"twitter:label1\" content=\"Est. reading time\" \/>\n\t<meta name=\"twitter:data1\" content=\"6 minutes\" \/>\n<script type=\"application\/ld+json\" class=\"yoast-schema-graph\">{\"@context\":\"https:\/\/schema.org\",\"@graph\":[{\"@type\":\"WebPage\",\"@id\":\"https:\/\/b2roots.de\/datenschutzerklaerung\/\",\"url\":\"https:\/\/b2roots.de\/datenschutzerklaerung\/\",\"name\":\"Datenschutzerkl\u00e4rung - Back2Roots\",\"isPartOf\":{\"@id\":\"https:\/\/b2roots.de\/#website\"},\"datePublished\":\"2025-02-04T18:30:13+00:00\",\"dateModified\":\"2025-02-04T18:33:02+00:00\",\"breadcrumb\":{\"@id\":\"https:\/\/b2roots.de\/datenschutzerklaerung\/#breadcrumb\"},\"inLanguage\":\"en-US\",\"potentialAction\":[{\"@type\":\"ReadAction\",\"target\":[\"https:\/\/b2roots.de\/datenschutzerklaerung\/\"]}]},{\"@type\":\"BreadcrumbList\",\"@id\":\"https:\/\/b2roots.de\/datenschutzerklaerung\/#breadcrumb\",\"itemListElement\":[{\"@type\":\"ListItem\",\"position\":1,\"name\":\"Startseite\",\"item\":\"https:\/\/b2roots.de\/\"},{\"@type\":\"ListItem\",\"position\":2,\"name\":\"Datenschutzerkl\u00e4rung\"}]},{\"@type\":\"WebSite\",\"@id\":\"https:\/\/b2roots.de\/#website\",\"url\":\"https:\/\/b2roots.de\/\",\"name\":\"Back2Roots\",\"description\":\"\",\"publisher\":{\"@id\":\"https:\/\/b2roots.de\/#organization\"},\"potentialAction\":[{\"@type\":\"SearchAction\",\"target\":{\"@type\":\"EntryPoint\",\"urlTemplate\":\"https:\/\/b2roots.de\/?s={search_term_string}\"},\"query-input\":{\"@type\":\"PropertyValueSpecification\",\"valueRequired\":true,\"valueName\":\"search_term_string\"}}],\"inLanguage\":\"en-US\"},{\"@type\":\"Organization\",\"@id\":\"https:\/\/b2roots.de\/#organization\",\"name\":\"Back2Roots\",\"url\":\"https:\/\/b2roots.de\/\",\"logo\":{\"@type\":\"ImageObject\",\"inLanguage\":\"en-US\",\"@id\":\"https:\/\/b2roots.de\/#\/schema\/logo\/image\/\",\"url\":\"https:\/\/b2roots.de\/wp-content\/uploads\/2025\/01\/Asset-13.png\",\"contentUrl\":\"https:\/\/b2roots.de\/wp-content\/uploads\/2025\/01\/Asset-13.png\",\"width\":249,\"height\":102,\"caption\":\"Back2Roots\"},\"image\":{\"@id\":\"https:\/\/b2roots.de\/#\/schema\/logo\/image\/\"}}]}<\/script>\n<!-- \/ Yoast SEO plugin. -->","yoast_head_json":{"title":"Datenschutzerkl\u00e4rung - Back2Roots","robots":{"index":"index","follow":"follow","max-snippet":"max-snippet:-1","max-image-preview":"max-image-preview:large","max-video-preview":"max-video-preview:-1"},"canonical":"https:\/\/b2roots.de\/en\/datenschutzerklaerung\/","og_locale":"en_US","og_type":"article","og_title":"Datenschutzerkl\u00e4rung - Back2Roots","og_description":"Datenschutzerkl\u00e4rung 1. Verantwortlicher Verantwortlich f\u00fcr die Datenverarbeitung auf dieser Website ist: Back2Roots &#8211; Daniel Baumc\/o COCENTERKoppoldstr. 186551 AichachDeutschlandE-Mail: zeo@b2roots.deTelefon: 0160 960 93 922 2. Erhebung und Speicherung personenbezogener Daten sowie Art und Zweck von deren Verwendung a) Beim Besuch der Website Beim Aufrufen unserer Website werden durch den auf Ihrem Endger\u00e4t zum Einsatz kommenden Browser [&hellip;]","og_url":"https:\/\/b2roots.de\/en\/datenschutzerklaerung\/","og_site_name":"Back2Roots","article_modified_time":"2025-02-04T18:33:02+00:00","twitter_card":"summary_large_image","twitter_misc":{"Est. reading time":"6 minutes"},"schema":{"@context":"https:\/\/schema.org","@graph":[{"@type":"WebPage","@id":"https:\/\/b2roots.de\/datenschutzerklaerung\/","url":"https:\/\/b2roots.de\/datenschutzerklaerung\/","name":"Datenschutzerkl\u00e4rung - Back2Roots","isPartOf":{"@id":"https:\/\/b2roots.de\/#website"},"datePublished":"2025-02-04T18:30:13+00:00","dateModified":"2025-02-04T18:33:02+00:00","breadcrumb":{"@id":"https:\/\/b2roots.de\/datenschutzerklaerung\/#breadcrumb"},"inLanguage":"en-US","potentialAction":[{"@type":"ReadAction","target":["https:\/\/b2roots.de\/datenschutzerklaerung\/"]}]},{"@type":"BreadcrumbList","@id":"https:\/\/b2roots.de\/datenschutzerklaerung\/#breadcrumb","itemListElement":[{"@type":"ListItem","position":1,"name":"Startseite","item":"https:\/\/b2roots.de\/"},{"@type":"ListItem","position":2,"name":"Datenschutzerkl\u00e4rung"}]},{"@type":"WebSite","@id":"https:\/\/b2roots.de\/#website","url":"https:\/\/b2roots.de\/","name":"Back2Roots","description":"","publisher":{"@id":"https:\/\/b2roots.de\/#organization"},"potentialAction":[{"@type":"SearchAction","target":{"@type":"EntryPoint","urlTemplate":"https:\/\/b2roots.de\/?s={search_term_string}"},"query-input":{"@type":"PropertyValueSpecification","valueRequired":true,"valueName":"search_term_string"}}],"inLanguage":"en-US"},{"@type":"Organization","@id":"https:\/\/b2roots.de\/#organization","name":"Back2Roots","url":"https:\/\/b2roots.de\/","logo":{"@type":"ImageObject","inLanguage":"en-US","@id":"https:\/\/b2roots.de\/#\/schema\/logo\/image\/","url":"https:\/\/b2roots.de\/wp-content\/uploads\/2025\/01\/Asset-13.png","contentUrl":"https:\/\/b2roots.de\/wp-content\/uploads\/2025\/01\/Asset-13.png","width":249,"height":102,"caption":"Back2Roots"},"image":{"@id":"https:\/\/b2roots.de\/#\/schema\/logo\/image\/"}}]}},"_links":{"self":[{"href":"https:\/\/b2roots.de\/en\/wp-json\/wp\/v2\/pages\/821","targetHints":{"allow":["GET"]}}],"collection":[{"href":"https:\/\/b2roots.de\/en\/wp-json\/wp\/v2\/pages"}],"about":[{"href":"https:\/\/b2roots.de\/en\/wp-json\/wp\/v2\/types\/page"}],"author":[{"embeddable":true,"href":"https:\/\/b2roots.de\/en\/wp-json\/wp\/v2\/users\/1"}],"replies":[{"embeddable":true,"href":"https:\/\/b2roots.de\/en\/wp-json\/wp\/v2\/comments?post=821"}],"version-history":[{"count":4,"href":"https:\/\/b2roots.de\/en\/wp-json\/wp\/v2\/pages\/821\/revisions"}],"predecessor-version":[{"id":826,"href":"https:\/\/b2roots.de\/en\/wp-json\/wp\/v2\/pages\/821\/revisions\/826"}],"wp:attachment":[{"href":"https:\/\/b2roots.de\/en\/wp-json\/wp\/v2\/media?parent=821"}],"curies":[{"name":"wp","href":"https:\/\/api.w.org\/{rel}","templated":true}]}}