{"id":1180,"date":"2026-02-11T19:09:55","date_gmt":"2026-02-11T18:09:55","guid":{"rendered":"https:\/\/b2roots.de\/?page_id=1180"},"modified":"2026-03-30T14:01:25","modified_gmt":"2026-03-30T12:01:25","slug":"impressum-kegy","status":"publish","type":"page","link":"https:\/\/b2roots.de\/en\/impressum-kegy\/","title":{"rendered":"Impressum &#8211; Kegy"},"content":{"rendered":"<div data-elementor-type=\"wp-page\" data-elementor-id=\"1180\" class=\"elementor elementor-1180\" data-elementor-post-type=\"page\">\n\t\t\t\t<div class=\"elementor-element elementor-element-393a6ca e-flex e-con-boxed e-con e-parent\" data-id=\"393a6ca\" data-element_type=\"container\" data-settings=\"{&quot;background_background&quot;:&quot;classic&quot;,&quot;shape_divider_bottom&quot;:&quot;waves&quot;}\">\n\t\t\t\t\t<div class=\"e-con-inner\">\n\t\t\t\t<div class=\"elementor-shape elementor-shape-bottom\" data-negative=\"false\">\n\t\t\t<svg xmlns=\"http:\/\/www.w3.org\/2000\/svg\" viewbox=\"0 0 1000 100\" preserveaspectratio=\"none\">\n\t<path class=\"elementor-shape-fill\" d=\"M421.9,6.5c22.6-2.5,51.5,0.4,75.5,5.3c23.6,4.9,70.9,23.5,100.5,35.7c75.8,32.2,133.7,44.5,192.6,49.7\tc23.6,2.1,48.7,3.5,103.4-2.5c54.7-6,106.2-25.6,106.2-25.6V0H0v30.3c0,0,72,32.6,158.4,30.5c39.2-0.7,92.8-6.7,134-22.4\tc21.2-8.1,52.2-18.2,79.7-24.2C399.3,7.9,411.6,7.5,421.9,6.5z\"\/>\n<\/svg>\t\t<\/div>\n\t\t<div class=\"elementor-element elementor-element-0280f1e e-con-full e-flex e-con e-child\" data-id=\"0280f1e\" data-element_type=\"container\">\n\t\t<div class=\"elementor-element elementor-element-993942b e-con-full e-flex e-con e-child\" data-id=\"993942b\" data-element_type=\"container\">\n\t\t\t\t<div class=\"elementor-element elementor-element-4260967 animated-fast elementor-invisible elementor-widget elementor-widget-heading\" data-id=\"4260967\" data-element_type=\"widget\" data-settings=\"{&quot;_animation&quot;:&quot;fadeInUp&quot;}\" data-widget_type=\"heading.default\">\n\t\t\t\t<div class=\"elementor-widget-container\">\n\t\t\t\t\t<h2 class=\"elementor-heading-title elementor-size-default\">Imprint<\/h2>\t\t\t\t<\/div>\n\t\t\t\t<\/div>\n\t\t\t\t<div class=\"elementor-element elementor-element-87885bd elementor-invisible elementor-widget elementor-widget-text-editor\" data-id=\"87885bd\" data-element_type=\"widget\" data-settings=\"{&quot;_animation&quot;:&quot;fadeIn&quot;,&quot;_animation_delay&quot;:50}\" data-widget_type=\"text-editor.default\">\n\t\t\t\t<div class=\"elementor-widget-container\">\n\t\t\t\t\t\t\t\t\t<p><b>Impressum Kegy:<\/b><br \/>Angaben gem\u00e4\u00df \u00a7 5 DDG:<\/p><p><b>Kegy\u00a0<\/b><\/p><p>gesch\u00e4ftlich vertreten durch das Management Back2Roots \u2013 Management f\u00fcr K\u00fcnstler &amp; Creator<\/p><p>vertreten durch Daniel Baum<\/p><p><strong>Ladungsf\u00e4hige Anschrift (Zustelladresse \u2013 keine Fanpost!):<\/strong><\/p><p>c\/o COCENTER &#8211; Back2Roots<\/p><p>Koppoldstra\u00dfe 1<\/p><p>86551 Aichach<\/p><p>E-Mail: <b>kegy@b2roots.de<\/b><\/p><p>Web: <a href=\"http:\/\/b2roots.de\/en\/\">b2roots.de<\/a><\/p><p>Verantwortlich f\u00fcr den Inhalt nach \u00a7 18 Abs. 2 MStV:<\/p><p>Der jeweilige K\u00fcnstler (vertreten durch das Management Back2Roots \u2013 Daniel Baum)<\/p><p>Kontakt \u00fcber das Management: <b>kegy@b2roots.de<\/b><\/p><p><strong>Hinweis:<\/strong><\/p><p>Back2Roots handelt als Management und administrative Kontaktstelle.<\/p><p>Die rechtliche und inhaltliche Verantwortung f\u00fcr die ver\u00f6ffentlichten Inhalte liegt beim jeweiligen K\u00fcnstler.<\/p><p>Rechtliche Anfragen, die sich auf Inhalte beziehen, werden vom Management an den verantwortlichen K\u00fcnstler weitergeleitet.<\/p><p><strong>Paket und Fanpostadresse:<\/strong><\/p><p>Daniel Baum &#8211; Back2Roots &#8211; <b>Kegy<\/b><\/p><p>Josef-Otto-Kolb-Str.10A<\/p><p>91275 Auerbach i.d.Opf.<\/p>\t\t\t\t\t\t\t\t<\/div>\n\t\t\t\t<\/div>\n\t\t\t\t<div class=\"elementor-element elementor-element-d20507e elementor-widget elementor-widget-spacer\" data-id=\"d20507e\" data-element_type=\"widget\" data-widget_type=\"spacer.default\">\n\t\t\t\t<div class=\"elementor-widget-container\">\n\t\t\t\t\t\t\t<div class=\"elementor-spacer\">\n\t\t\t<div class=\"elementor-spacer-inner\"><\/div>\n\t\t<\/div>\n\t\t\t\t\t\t<\/div>\n\t\t\t\t<\/div>\n\t\t\t\t<\/div>\n\t\t\t\t<\/div>\n\t\t\t\t\t<\/div>\n\t\t\t\t<\/div>\n\t\t\t\t<\/div>","protected":false},"excerpt":{"rendered":"<p>Impressum Impressum Kegy:Angaben gem\u00e4\u00df \u00a7 5 DDG: Kegy\u00a0 gesch\u00e4ftlich vertreten durch das Management Back2Roots \u2013 Management f\u00fcr K\u00fcnstler &amp; Creator vertreten durch Daniel Baum Ladungsf\u00e4hige Anschrift (Zustelladresse \u2013 keine Fanpost!): c\/o COCENTER &#8211; Back2Roots Koppoldstra\u00dfe 1 86551 Aichach E-Mail: kegy@b2roots.de Web: b2roots.de Verantwortlich f\u00fcr den Inhalt nach \u00a7 18 Abs. 2 MStV: Der jeweilige K\u00fcnstler [&hellip;]<\/p>","protected":false},"author":1,"featured_media":0,"parent":0,"menu_order":0,"comment_status":"closed","ping_status":"closed","template":"elementor_header_footer","meta":{"footnotes":""},"class_list":["post-1180","page","type-page","status-publish","hentry"],"yoast_head":"<!-- This site is optimized with the Yoast SEO plugin v24.4 - https:\/\/yoast.com\/wordpress\/plugins\/seo\/ -->\n<title>Impressum - Kegy - Back2Roots<\/title>\n<meta name=\"robots\" content=\"index, follow, max-snippet:-1, max-image-preview:large, max-video-preview:-1\" \/>\n<link rel=\"canonical\" href=\"https:\/\/b2roots.de\/en\/impressum-kegy\/\" \/>\n<meta property=\"og:locale\" content=\"en_US\" \/>\n<meta property=\"og:type\" content=\"article\" \/>\n<meta property=\"og:title\" content=\"Impressum - Kegy - Back2Roots\" \/>\n<meta property=\"og:description\" content=\"Impressum Impressum Kegy:Angaben gem\u00e4\u00df \u00a7 5 DDG: Kegy\u00a0 gesch\u00e4ftlich vertreten durch das Management Back2Roots \u2013 Management f\u00fcr K\u00fcnstler &amp; Creator vertreten durch Daniel Baum Ladungsf\u00e4hige Anschrift (Zustelladresse \u2013 keine Fanpost!): c\/o COCENTER &#8211; Back2Roots Koppoldstra\u00dfe 1 86551 Aichach E-Mail: kegy@b2roots.de Web: b2roots.de Verantwortlich f\u00fcr den Inhalt nach \u00a7 18 Abs. 2 MStV: Der jeweilige K\u00fcnstler [&hellip;]\" \/>\n<meta property=\"og:url\" content=\"https:\/\/b2roots.de\/en\/impressum-kegy\/\" \/>\n<meta property=\"og:site_name\" content=\"Back2Roots\" \/>\n<meta property=\"article:modified_time\" content=\"2026-03-30T12:01:25+00:00\" \/>\n<meta name=\"twitter:card\" content=\"summary_large_image\" \/>\n<meta name=\"twitter:label1\" content=\"Est. reading time\" \/>\n\t<meta name=\"twitter:data1\" content=\"1 minute\" \/>\n<script type=\"application\/ld+json\" class=\"yoast-schema-graph\">{\"@context\":\"https:\/\/schema.org\",\"@graph\":[{\"@type\":\"WebPage\",\"@id\":\"https:\/\/b2roots.de\/impressum-kegy\/\",\"url\":\"https:\/\/b2roots.de\/impressum-kegy\/\",\"name\":\"Impressum - Kegy - Back2Roots\",\"isPartOf\":{\"@id\":\"https:\/\/b2roots.de\/#website\"},\"datePublished\":\"2026-02-11T18:09:55+00:00\",\"dateModified\":\"2026-03-30T12:01:25+00:00\",\"breadcrumb\":{\"@id\":\"https:\/\/b2roots.de\/impressum-kegy\/#breadcrumb\"},\"inLanguage\":\"en-US\",\"potentialAction\":[{\"@type\":\"ReadAction\",\"target\":[\"https:\/\/b2roots.de\/impressum-kegy\/\"]}]},{\"@type\":\"BreadcrumbList\",\"@id\":\"https:\/\/b2roots.de\/impressum-kegy\/#breadcrumb\",\"itemListElement\":[{\"@type\":\"ListItem\",\"position\":1,\"name\":\"Startseite\",\"item\":\"https:\/\/b2roots.de\/\"},{\"@type\":\"ListItem\",\"position\":2,\"name\":\"Impressum &#8211; Kegy\"}]},{\"@type\":\"WebSite\",\"@id\":\"https:\/\/b2roots.de\/#website\",\"url\":\"https:\/\/b2roots.de\/\",\"name\":\"Back2Roots\",\"description\":\"\",\"publisher\":{\"@id\":\"https:\/\/b2roots.de\/#organization\"},\"potentialAction\":[{\"@type\":\"SearchAction\",\"target\":{\"@type\":\"EntryPoint\",\"urlTemplate\":\"https:\/\/b2roots.de\/?s={search_term_string}\"},\"query-input\":{\"@type\":\"PropertyValueSpecification\",\"valueRequired\":true,\"valueName\":\"search_term_string\"}}],\"inLanguage\":\"en-US\"},{\"@type\":\"Organization\",\"@id\":\"https:\/\/b2roots.de\/#organization\",\"name\":\"Back2Roots\",\"url\":\"https:\/\/b2roots.de\/\",\"logo\":{\"@type\":\"ImageObject\",\"inLanguage\":\"en-US\",\"@id\":\"https:\/\/b2roots.de\/#\/schema\/logo\/image\/\",\"url\":\"https:\/\/b2roots.de\/wp-content\/uploads\/2025\/01\/Asset-13.png\",\"contentUrl\":\"https:\/\/b2roots.de\/wp-content\/uploads\/2025\/01\/Asset-13.png\",\"width\":249,\"height\":102,\"caption\":\"Back2Roots\"},\"image\":{\"@id\":\"https:\/\/b2roots.de\/#\/schema\/logo\/image\/\"}}]}<\/script>\n<!-- \/ Yoast SEO plugin. -->","yoast_head_json":{"title":"Impressum - Kegy - Back2Roots","robots":{"index":"index","follow":"follow","max-snippet":"max-snippet:-1","max-image-preview":"max-image-preview:large","max-video-preview":"max-video-preview:-1"},"canonical":"https:\/\/b2roots.de\/en\/impressum-kegy\/","og_locale":"en_US","og_type":"article","og_title":"Impressum - Kegy - Back2Roots","og_description":"Impressum Impressum Kegy:Angaben gem\u00e4\u00df \u00a7 5 DDG: Kegy\u00a0 gesch\u00e4ftlich vertreten durch das Management Back2Roots \u2013 Management f\u00fcr K\u00fcnstler &amp; Creator vertreten durch Daniel Baum Ladungsf\u00e4hige Anschrift (Zustelladresse \u2013 keine Fanpost!): c\/o COCENTER &#8211; Back2Roots Koppoldstra\u00dfe 1 86551 Aichach E-Mail: kegy@b2roots.de Web: b2roots.de Verantwortlich f\u00fcr den Inhalt nach \u00a7 18 Abs. 2 MStV: Der jeweilige K\u00fcnstler [&hellip;]","og_url":"https:\/\/b2roots.de\/en\/impressum-kegy\/","og_site_name":"Back2Roots","article_modified_time":"2026-03-30T12:01:25+00:00","twitter_card":"summary_large_image","twitter_misc":{"Est. reading time":"1 minute"},"schema":{"@context":"https:\/\/schema.org","@graph":[{"@type":"WebPage","@id":"https:\/\/b2roots.de\/impressum-kegy\/","url":"https:\/\/b2roots.de\/impressum-kegy\/","name":"Impressum - Kegy - Back2Roots","isPartOf":{"@id":"https:\/\/b2roots.de\/#website"},"datePublished":"2026-02-11T18:09:55+00:00","dateModified":"2026-03-30T12:01:25+00:00","breadcrumb":{"@id":"https:\/\/b2roots.de\/impressum-kegy\/#breadcrumb"},"inLanguage":"en-US","potentialAction":[{"@type":"ReadAction","target":["https:\/\/b2roots.de\/impressum-kegy\/"]}]},{"@type":"BreadcrumbList","@id":"https:\/\/b2roots.de\/impressum-kegy\/#breadcrumb","itemListElement":[{"@type":"ListItem","position":1,"name":"Startseite","item":"https:\/\/b2roots.de\/"},{"@type":"ListItem","position":2,"name":"Impressum &#8211; Kegy"}]},{"@type":"WebSite","@id":"https:\/\/b2roots.de\/#website","url":"https:\/\/b2roots.de\/","name":"Back2Roots","description":"","publisher":{"@id":"https:\/\/b2roots.de\/#organization"},"potentialAction":[{"@type":"SearchAction","target":{"@type":"EntryPoint","urlTemplate":"https:\/\/b2roots.de\/?s={search_term_string}"},"query-input":{"@type":"PropertyValueSpecification","valueRequired":true,"valueName":"search_term_string"}}],"inLanguage":"en-US"},{"@type":"Organization","@id":"https:\/\/b2roots.de\/#organization","name":"Back2Roots","url":"https:\/\/b2roots.de\/","logo":{"@type":"ImageObject","inLanguage":"en-US","@id":"https:\/\/b2roots.de\/#\/schema\/logo\/image\/","url":"https:\/\/b2roots.de\/wp-content\/uploads\/2025\/01\/Asset-13.png","contentUrl":"https:\/\/b2roots.de\/wp-content\/uploads\/2025\/01\/Asset-13.png","width":249,"height":102,"caption":"Back2Roots"},"image":{"@id":"https:\/\/b2roots.de\/#\/schema\/logo\/image\/"}}]}},"_links":{"self":[{"href":"https:\/\/b2roots.de\/en\/wp-json\/wp\/v2\/pages\/1180","targetHints":{"allow":["GET"]}}],"collection":[{"href":"https:\/\/b2roots.de\/en\/wp-json\/wp\/v2\/pages"}],"about":[{"href":"https:\/\/b2roots.de\/en\/wp-json\/wp\/v2\/types\/page"}],"author":[{"embeddable":true,"href":"https:\/\/b2roots.de\/en\/wp-json\/wp\/v2\/users\/1"}],"replies":[{"embeddable":true,"href":"https:\/\/b2roots.de\/en\/wp-json\/wp\/v2\/comments?post=1180"}],"version-history":[{"count":10,"href":"https:\/\/b2roots.de\/en\/wp-json\/wp\/v2\/pages\/1180\/revisions"}],"predecessor-version":[{"id":1434,"href":"https:\/\/b2roots.de\/en\/wp-json\/wp\/v2\/pages\/1180\/revisions\/1434"}],"wp:attachment":[{"href":"https:\/\/b2roots.de\/en\/wp-json\/wp\/v2\/media?parent=1180"}],"curies":[{"name":"wp","href":"https:\/\/api.w.org\/{rel}","templated":true}]}}